{"id":5276,"date":"2025-03-11T01:49:17","date_gmt":"2025-03-11T01:49:17","guid":{"rendered":"https:\/\/rivalsfit.co\/?post_type=product&#038;p=5276"},"modified":"2025-03-12T17:11:32","modified_gmt":"2025-03-12T17:11:32","slug":"womens-hoodie-sweatshirt-cozy-sporty-style-for-every-occasion","status":"publish","type":"product","link":"https:\/\/rivalsfit.co\/fr\/produit\/womens-hoodie-sweatshirt-cozy-sporty-style-for-every-occasion\/","title":{"rendered":"Sweat-shirt \u00e0 capuche Style cosy et sportif pour toutes les occasions"},"content":{"rendered":"<p>Ce sweat-shirt \u00e0 capuche pour femme est la combinaison parfaite de confort et de style.<\/p>\n<p>Con\u00e7u avec une silhouette longue et une capuche confortable, il offre une coupe d\u00e9contract\u00e9e id\u00e9ale pour les sorties informelles ou les journ\u00e9es actives. Le style pull-over pr\u00e9sente une poche kangourou pour plus de commodit\u00e9 et de chaleur, tandis que l'ourlet et les poignets finis avec une surpiq\u00fbre lui conf\u00e8rent un look soign\u00e9 et sportif.<\/p>\n<p>Que vous partiez pour un jogging, une promenade en ville ou que vous vous d\u00e9tendiez \u00e0 la maison, ce sweat-shirt est votre choix id\u00e9al pour un look d\u00e9contract\u00e9 et styl\u00e9.<\/p>\n<p data-start=\"542\" data-end=\"555\"><strong data-start=\"542\" data-end=\"555\">Avantages :<\/strong><\/p>\n<ul data-start=\"557\" data-end=\"1240\" data-is-last-node=\"\" data-is-only-node=\"\">\n<li data-start=\"557\" data-end=\"666\" class=\"translation-block\"><strong data-start=\"559\" data-end=\"580\">Design fonctionnel :<\/strong>  La poche kangourou offre un endroit pratique pour vos mains ou vos petits essentiels.<\/li>\n<li data-start=\"667\" data-end=\"770\" class=\"translation-block\"><strong data-start=\"669\" data-end=\"694\">Sportif et polyvalent :<\/strong>  Le design athl\u00e9tique le rend adapt\u00e9 \u00e0 la fois pour des occasions actives et d\u00e9contract\u00e9es.<\/li>\n<li data-start=\"771\" data-end=\"879\"><strong data-start=\"773\" data-end=\"795\">Design fonctionnel:<\/strong> The kangaroo pocket provides a convenient place for your hands or small essentials.<\/li>\n<li data-start=\"880\" data-end=\"992\" class=\"translation-block\"><strong data-start=\"882\" data-end=\"902\">Qualit\u00e9 durable :<\/strong> Fini avec une surpiq\u00fbre \u00e0 l'ourlet et aux poignets pour plus de durabilit\u00e9 et un look soign\u00e9.<\/li>\n<li data-start=\"993\" data-end=\"1114\" class=\"translation-block\"><strong data-start=\"995\" data-end=\"1013\">Facile \u00e0 styler:<\/strong>  Parfait pour \u00eatre associ\u00e9 \u00e0 un jean, un legging ou un short, ce qui en fait un ajout polyvalent \u00e0 toute garde-robe.<\/li>\n<li data-start=\"1115\" data-end=\"1240\" data-is-last-node=\"\" class=\"translation-block\"><strong data-start=\"1117\" data-end=\"1146\">Parfait pour toutes les activit\u00e9s:<\/strong> Id\u00e9al pour le jogging, les promenades ou les sorties d\u00e9contract\u00e9es, offrant \u00e0 la fois confort et style o\u00f9 que vous alliez.<\/li>\n<\/ul>","protected":false},"excerpt":{"rendered":"<ul>\n<li data-start=\"36\" data-end=\"63\"><strong>Confort ultime \ud83d\udc95<\/strong><\/li>\n<li data-start=\"64\" data-end=\"99\"><strong>Sportif et polyvalent \ud83c\udfc3\u200d\u2640\ufe0f\u2728<\/strong><\/li>\n<li data-start=\"100\" data-end=\"133\"><strong>Design fonctionnel \ud83e\uddb8\u200d\u2640\ufe0f\ud83e\uddf3<\/strong><\/li>\n<li data-start=\"134\" data-end=\"162\"><strong>Qualit\u00e9 durable \ud83d\udcaa\ud83d\udd17<\/strong><\/li>\n<li data-start=\"163\" data-end=\"189\"><strong>Facile \u00e0 styler \ud83d\udc57\ud83d\udc4c<\/strong><\/li>\n<li data-start=\"190\" data-end=\"231\" data-is-last-node=\"\"><strong>Parfait pour toutes les activit\u00e9s \ud83d\udeb6\u200d\u2640\ufe0f\ud83e\uddd8\u200d\u2640\ufe0f<\/strong><\/li>\n<\/ul>","protected":false},"featured_media":5277,"comment_status":"closed","ping_status":"closed","template":"","meta":{"nf_dc_page":"","content-type":""},"pwb-brand":[],"product_brand":[],"product_cat":[60],"product_tag":[],"class_list":{"0":"post-5276","1":"product","2":"type-product","3":"status-publish","4":"has-post-thumbnail","6":"product_cat-women","8":"first","9":"instock","10":"sale","11":"shipping-taxable","12":"purchasable","13":"product-type-variable"},"aioseo_notices":[],"brands":[],"_links":{"self":[{"href":"https:\/\/rivalsfit.co\/fr\/wp-json\/wp\/v2\/product\/5276","targetHints":{"allow":["GET"]}}],"collection":[{"href":"https:\/\/rivalsfit.co\/fr\/wp-json\/wp\/v2\/product"}],"about":[{"href":"https:\/\/rivalsfit.co\/fr\/wp-json\/wp\/v2\/types\/product"}],"replies":[{"embeddable":true,"href":"https:\/\/rivalsfit.co\/fr\/wp-json\/wp\/v2\/comments?post=5276"}],"wp:featuredmedia":[{"embeddable":true,"href":"https:\/\/rivalsfit.co\/fr\/wp-json\/wp\/v2\/media\/5277"}],"wp:attachment":[{"href":"https:\/\/rivalsfit.co\/fr\/wp-json\/wp\/v2\/media?parent=5276"}],"wp:term":[{"taxonomy":"pwb-brand","embeddable":true,"href":"https:\/\/rivalsfit.co\/fr\/wp-json\/wp\/v2\/pwb-brand?post=5276"},{"taxonomy":"product_brand","embeddable":true,"href":"https:\/\/rivalsfit.co\/fr\/wp-json\/wp\/v2\/product_brand?post=5276"},{"taxonomy":"product_cat","embeddable":true,"href":"https:\/\/rivalsfit.co\/fr\/wp-json\/wp\/v2\/product_cat?post=5276"},{"taxonomy":"product_tag","embeddable":true,"href":"https:\/\/rivalsfit.co\/fr\/wp-json\/wp\/v2\/product_tag?post=5276"}],"curies":[{"name":"wp","href":"https:\/\/api.w.org\/{rel}","templated":true}]}}